{"id":2,"date":"2023-09-07T10:41:18","date_gmt":"2023-09-07T10:41:18","guid":{"rendered":"https:\/\/siap.uw.edu.pl\/wordpress\/?page_id=2"},"modified":"2025-12-03T06:55:42","modified_gmt":"2025-12-03T06:55:42","slug":"sample-page","status":"publish","type":"page","link":"https:\/\/siap.uw.edu.pl\/wordpress\/index.php\/sample-page\/","title":{"rendered":"O nas"},"content":{"rendered":"\r\n<p>W sekcji \u201eLud\u00f3w Azji \u015arodkowej\u201d Zak\u0142adu Turkologii i Lud\u00f3w Azji \u015arodkowej WKAiA UW realizowane s\u0105 badania i program studi\u00f3w w zakresie mongolistyki i tybetologii. Badamy kultury lud\u00f3w mongolskich i tybeta\u0144skich, uwa\u017caj\u0105c, \u017ce kluczem do ich zrozumienia jest j\u0119zyk. Idziemy z duchem czas\u00f3w, od lat uaktualniaj\u0105c nasz\u0105 ofert\u0119 dydaktyczn\u0105, unikaln\u0105 w skali kraju. Studia I stopnia odbywaj\u0105 si\u0119 w j\u0119zyku polskim, a studia II stopnia w j\u0119zyku angielskim. Wsp\u00f3\u0142pracujemy z o\u015brodkami naukowymi w Mongolii i na \u015bwiecie, a nasi studenci maj\u0105 mo\u017cliwo\u015b\u0107 uczestniczenia w rocznym sta\u017cu na Mongolskim Uniwersytecie Narodowym w U\u0142an Batorze.<\/p>\r\n<p>The Inner Asian Peoples\u2019 section of the Department of Turkic Studies and Inner Asian Peoples within the Faculty of Asian and African Cultures (University of Warsaw) conducts research and offers a study program in Mongolian and Tibetan studies. We study the cultures of the Mongolian and Tibetan peoples, believing that the key to understanding them lies in language. We keep up with the times, updating our educational offer, unique at the national level, for years. Currently, BA studies are held in Polish and MA studies in English. We collaborate with research centers in Mongolia and worldwide. Our students can participate in a one-year internship at the National University of Mongolia in Ulaanbaatar.<\/p>\r\n","protected":false},"excerpt":{"rendered":"<p>W sekcji \u201eLud\u00f3w Azji \u015arodkowej\u201d Zak\u0142adu Turkologii i Lud\u00f3w Azji \u015arodkowej WKAiA UW realizowane s\u0105 badania i program studi\u00f3w w zakresie mongolistyki i tybetologii. Badamy kultury lud\u00f3w mongolskich i tybeta\u0144skich, uwa\u017caj\u0105c, \u017ce kluczem do ich zrozumienia jest j\u0119zyk. Idziemy z duchem czas\u00f3w, od lat uaktualniaj\u0105c nasz\u0105 ofert\u0119 dydaktyczn\u0105, unikaln\u0105 w skali kraju. Studia I stopnia [&hellip;]<\/p>\n","protected":false},"author":1,"featured_media":0,"parent":0,"menu_order":0,"comment_status":"closed","ping_status":"open","template":"","meta":{"footnotes":""},"class_list":["post-2","page","type-page","status-publish","hentry"],"aioseo_notices":[],"_links":{"self":[{"href":"https:\/\/siap.uw.edu.pl\/wordpress\/index.php\/wp-json\/wp\/v2\/pages\/2","targetHints":{"allow":["GET"]}}],"collection":[{"href":"https:\/\/siap.uw.edu.pl\/wordpress\/index.php\/wp-json\/wp\/v2\/pages"}],"about":[{"href":"https:\/\/siap.uw.edu.pl\/wordpress\/index.php\/wp-json\/wp\/v2\/types\/page"}],"author":[{"embeddable":true,"href":"https:\/\/siap.uw.edu.pl\/wordpress\/index.php\/wp-json\/wp\/v2\/users\/1"}],"replies":[{"embeddable":true,"href":"https:\/\/siap.uw.edu.pl\/wordpress\/index.php\/wp-json\/wp\/v2\/comments?post=2"}],"version-history":[{"count":9,"href":"https:\/\/siap.uw.edu.pl\/wordpress\/index.php\/wp-json\/wp\/v2\/pages\/2\/revisions"}],"predecessor-version":[{"id":293,"href":"https:\/\/siap.uw.edu.pl\/wordpress\/index.php\/wp-json\/wp\/v2\/pages\/2\/revisions\/293"}],"wp:attachment":[{"href":"https:\/\/siap.uw.edu.pl\/wordpress\/index.php\/wp-json\/wp\/v2\/media?parent=2"}],"curies":[{"name":"wp","href":"https:\/\/api.w.org\/{rel}","templated":true}]}}