{"id":90,"date":"2023-12-10T18:09:16","date_gmt":"2023-12-10T18:09:16","guid":{"rendered":"https:\/\/siap.uw.edu.pl\/wordpress\/?page_id=90"},"modified":"2026-01-09T05:41:12","modified_gmt":"2026-01-09T05:41:12","slug":"dla-studentow","status":"publish","type":"page","link":"https:\/\/siap.uw.edu.pl\/wordpress\/index.php\/dla-studentow\/","title":{"rendered":"Dla student\u00f3w"},"content":{"rendered":"<p><a href=\"https:\/\/siap.uw.edu.pl\/wordpress\/wp-content\/uploads\/2026\/01\/Harmonogram-sesji-zimowej-2025_26-mongolistyka-i-tybetologia.pdf\">Harmonogram sesji zimowej 2025_26 &#8211; mongolistyka i tybetologia<\/a><\/p>\n<p>&nbsp;<\/p>\n<p><a href=\"https:\/\/siap.uw.edu.pl\/wordpress\/wp-content\/uploads\/2025\/10\/MT_plan_zajec_zima_2025_2026_zmiany_10.10.pdf\">MT_plan_zajec_zima_2025_2026_zmiany_10.10<\/a><\/p>\n<p><a href=\"https:\/\/siap.uw.edu.pl\/wordpress\/wp-content\/uploads\/2024\/09\/Plan-zajec-semestr-zimowy-2024_2025.pdf\">Plan zaj\u0119\u0107, semestr zimowy 2024_2025<\/a><\/p>\n<p>Zarz\u0105dzenia, przepisy obowi\u0105zuj\u0105ce na UW: <a href=\"https:\/\/www.uw.edu.pl\/uniwersytet\/wazne-dokumenty\/\">Wa\u017cne dokumenty | Uniwersytet Warszawski (uw.edu.pl)<\/a><\/p>\n<p>Kalendarz akademicki: <a href=\"https:\/\/www.uw.edu.pl\/kalendarz-akademicki\/\">Kalendarz akademicki | Uniwersytet Warszawski (uw.edu.pl)<\/a><\/p>\n<p><a href=\"https:\/\/siap.uw.edu.pl\/wordpress\/wp-content\/uploads\/2024\/10\/Program-studiow-licencjackich.pdf\">Program studi\u00f3w licencjackich<\/a><\/p>\n<p><a href=\"https:\/\/siap.uw.edu.pl\/wordpress\/wp-content\/uploads\/2024\/10\/Program-studiow-magisterskich.pdf\">Program studi\u00f3w magisterskich<\/a><\/p>\n<p>Opiekun student\u00f3w: mgr Paulina Koniuch, dy\u017cury w \u015brody, godz. 9:45-11:15, sala nr 050, ul. Ho\u017ca 69<\/p>\n","protected":false},"excerpt":{"rendered":"<p>Harmonogram sesji zimowej 2025_26 &#8211; mongolistyka i tybetologia &nbsp; MT_plan_zajec_zima_2025_2026_zmiany_10.10 Plan zaj\u0119\u0107, semestr zimowy 2024_2025 Zarz\u0105dzenia, przepisy obowi\u0105zuj\u0105ce na UW: Wa\u017cne dokumenty | Uniwersytet Warszawski (uw.edu.pl) Kalendarz akademicki: Kalendarz akademicki | Uniwersytet Warszawski (uw.edu.pl) Program studi\u00f3w licencjackich Program studi\u00f3w magisterskich Opiekun student\u00f3w: mgr Paulina Koniuch, dy\u017cury w \u015brody, godz. 9:45-11:15, sala nr 050, ul. Ho\u017ca [&hellip;]<\/p>\n","protected":false},"author":2,"featured_media":0,"parent":0,"menu_order":0,"comment_status":"closed","ping_status":"closed","template":"","meta":{"footnotes":""},"class_list":["post-90","page","type-page","status-publish","hentry"],"aioseo_notices":[],"_links":{"self":[{"href":"https:\/\/siap.uw.edu.pl\/wordpress\/index.php\/wp-json\/wp\/v2\/pages\/90","targetHints":{"allow":["GET"]}}],"collection":[{"href":"https:\/\/siap.uw.edu.pl\/wordpress\/index.php\/wp-json\/wp\/v2\/pages"}],"about":[{"href":"https:\/\/siap.uw.edu.pl\/wordpress\/index.php\/wp-json\/wp\/v2\/types\/page"}],"author":[{"embeddable":true,"href":"https:\/\/siap.uw.edu.pl\/wordpress\/index.php\/wp-json\/wp\/v2\/users\/2"}],"replies":[{"embeddable":true,"href":"https:\/\/siap.uw.edu.pl\/wordpress\/index.php\/wp-json\/wp\/v2\/comments?post=90"}],"version-history":[{"count":15,"href":"https:\/\/siap.uw.edu.pl\/wordpress\/index.php\/wp-json\/wp\/v2\/pages\/90\/revisions"}],"predecessor-version":[{"id":312,"href":"https:\/\/siap.uw.edu.pl\/wordpress\/index.php\/wp-json\/wp\/v2\/pages\/90\/revisions\/312"}],"wp:attachment":[{"href":"https:\/\/siap.uw.edu.pl\/wordpress\/index.php\/wp-json\/wp\/v2\/media?parent=90"}],"curies":[{"name":"wp","href":"https:\/\/api.w.org\/{rel}","templated":true}]}}