{"id":99,"date":"2023-12-10T18:19:39","date_gmt":"2023-12-10T18:19:39","guid":{"rendered":"https:\/\/siap.uw.edu.pl\/wordpress\/?page_id=99"},"modified":"2025-12-03T06:51:34","modified_gmt":"2025-12-03T06:51:34","slug":"kontakt","status":"publish","type":"page","link":"https:\/\/siap.uw.edu.pl\/wordpress\/index.php\/kontakt\/","title":{"rendered":"Kontakt"},"content":{"rendered":"\r\n<figure>\r\n<p><b>Adres korespondencyjny \/ Correspondence address<\/b><\/p>\r\n<p>Zak\u0142ad Turkologii i Lud\u00f3w Azji \u015arodkowej<br \/>(mongolistyka i tybetologia)<br \/>Wydzia\u0142 Kultur Azji i Afryki UW<\/p>\r\n<p>\/ Department of Turkic Studies and Inner Asian Peoples<br \/>(Mongolian and Tibetan studies)<br \/>Faculty of Asian and African Cultures<\/p>\r\n<p>ul. Krakowskie Przedmie\u015bcie 26\/28<br \/>00-927 Warszawa<\/p>\r\n<p><b>Obecna siedziba \/ Teaching premises<\/b><\/p>\r\n<p>Zak\u0142ad Turkologii i Lud\u00f3w Azji \u015arodkowej<br \/>(mongolistyka i tybetologia)<\/p>\r\n<p>\/ Department of Turkic Studies and Inner Asian Peoples<br \/>(Mongolian and Tibetan studies)<\/p>\r\n<p>ul. Ho\u017ca 69<br \/>00-681 Warszawa<\/p>\r\n<p>tel. 022 55-20-513<\/p>\r\n<p>&nbsp;<\/p>\r\n<\/figure>\r\n","protected":false},"excerpt":{"rendered":"<p>Adres korespondencyjny \/ Correspondence address Zak\u0142ad Turkologii i Lud\u00f3w Azji \u015arodkowej(mongolistyka i tybetologia)Wydzia\u0142 Kultur Azji i Afryki UW \/ Department of Turkic Studies and Inner Asian Peoples(Mongolian and Tibetan studies)Faculty of Asian and African Cultures ul. Krakowskie Przedmie\u015bcie 26\/2800-927 Warszawa Obecna siedziba \/ Teaching premises Zak\u0142ad Turkologii i Lud\u00f3w Azji \u015arodkowej(mongolistyka i tybetologia) \/ Department [&hellip;]<\/p>\n","protected":false},"author":2,"featured_media":0,"parent":0,"menu_order":0,"comment_status":"closed","ping_status":"closed","template":"","meta":{"footnotes":""},"class_list":["post-99","page","type-page","status-publish","hentry"],"aioseo_notices":[],"_links":{"self":[{"href":"https:\/\/siap.uw.edu.pl\/wordpress\/index.php\/wp-json\/wp\/v2\/pages\/99","targetHints":{"allow":["GET"]}}],"collection":[{"href":"https:\/\/siap.uw.edu.pl\/wordpress\/index.php\/wp-json\/wp\/v2\/pages"}],"about":[{"href":"https:\/\/siap.uw.edu.pl\/wordpress\/index.php\/wp-json\/wp\/v2\/types\/page"}],"author":[{"embeddable":true,"href":"https:\/\/siap.uw.edu.pl\/wordpress\/index.php\/wp-json\/wp\/v2\/users\/2"}],"replies":[{"embeddable":true,"href":"https:\/\/siap.uw.edu.pl\/wordpress\/index.php\/wp-json\/wp\/v2\/comments?post=99"}],"version-history":[{"count":23,"href":"https:\/\/siap.uw.edu.pl\/wordpress\/index.php\/wp-json\/wp\/v2\/pages\/99\/revisions"}],"predecessor-version":[{"id":292,"href":"https:\/\/siap.uw.edu.pl\/wordpress\/index.php\/wp-json\/wp\/v2\/pages\/99\/revisions\/292"}],"wp:attachment":[{"href":"https:\/\/siap.uw.edu.pl\/wordpress\/index.php\/wp-json\/wp\/v2\/media?parent=99"}],"curies":[{"name":"wp","href":"https:\/\/api.w.org\/{rel}","templated":true}]}}